{"id":3315,"date":"2024-08-21T15:42:54","date_gmt":"2024-08-21T13:42:54","guid":{"rendered":"http:\/\/theark.ch\/developper-mon-entreprise\/"},"modified":"2025-05-19T16:52:12","modified_gmt":"2025-05-19T14:52:12","slug":"mein-unternehmen-weiterentwickeln","status":"publish","type":"page","link":"https:\/\/theark.ch\/de\/mein-unternehmen-weiterentwickeln\/","title":{"rendered":"mein unternehmen weiterentwickeln"},"content":{"rendered":"","protected":false},"excerpt":{"rendered":"<p>the ark begleitet kmus, welche das herz der walliser innovation pulsieren lassen! wir glauben n\u00e4mlich, dass jedes kmu eine unsch\u00e4tzbare quelle f\u00fcr innovationen darstellt. deshalb sind wir entschlossen, ihr unternehmen mit unserem massgeschneiderten fachwissen zu neuen erfolgen zu f\u00fchren.<\/p>\n","protected":false},"author":1,"featured_media":771,"parent":0,"menu_order":0,"comment_status":"closed","ping_status":"closed","template":"","meta":{"_acf_changed":false,"footnotes":""},"class_list":["post-3315","page","type-page","status-publish","has-post-thumbnail","hentry"],"acf":[],"_links":{"self":[{"href":"https:\/\/theark.ch\/de\/wp-json\/wp\/v2\/pages\/3315","targetHints":{"allow":["GET"]}}],"collection":[{"href":"https:\/\/theark.ch\/de\/wp-json\/wp\/v2\/pages"}],"about":[{"href":"https:\/\/theark.ch\/de\/wp-json\/wp\/v2\/types\/page"}],"author":[{"embeddable":true,"href":"https:\/\/theark.ch\/de\/wp-json\/wp\/v2\/users\/1"}],"replies":[{"embeddable":true,"href":"https:\/\/theark.ch\/de\/wp-json\/wp\/v2\/comments?post=3315"}],"version-history":[{"count":8,"href":"https:\/\/theark.ch\/de\/wp-json\/wp\/v2\/pages\/3315\/revisions"}],"predecessor-version":[{"id":40735,"href":"https:\/\/theark.ch\/de\/wp-json\/wp\/v2\/pages\/3315\/revisions\/40735"}],"wp:featuredmedia":[{"embeddable":true,"href":"https:\/\/theark.ch\/de\/wp-json\/wp\/v2\/media\/771"}],"wp:attachment":[{"href":"https:\/\/theark.ch\/de\/wp-json\/wp\/v2\/media?parent=3315"}],"curies":[{"name":"wp","href":"https:\/\/api.w.org\/{rel}","templated":true}]}}