{"id":3327,"date":"2024-08-26T16:35:44","date_gmt":"2024-08-26T14:35:44","guid":{"rendered":"http:\/\/theark.ch\/les-entreprises-qui-faconnent-linnovation\/"},"modified":"2025-08-21T16:58:43","modified_gmt":"2025-08-21T14:58:43","slug":"unternehmen-die-innovation-gestalten","status":"publish","type":"page","link":"https:\/\/theark.ch\/de\/unternehmen-die-innovation-gestalten\/","title":{"rendered":"unternehmen, die innovation gestalten"},"content":{"rendered":"","protected":false},"excerpt":{"rendered":"<p>das wallis begeistert sie mit der sch\u00f6nheit seiner landschaften, dem reichtum seiner g\u00fcter und seiner lebensqualit\u00e4t.<\/p>\n","protected":false},"author":1,"featured_media":49698,"parent":0,"menu_order":0,"comment_status":"closed","ping_status":"closed","template":"","meta":{"_acf_changed":false,"footnotes":""},"class_list":["post-3327","page","type-page","status-publish","has-post-thumbnail","hentry"],"acf":[],"_links":{"self":[{"href":"https:\/\/theark.ch\/de\/wp-json\/wp\/v2\/pages\/3327","targetHints":{"allow":["GET"]}}],"collection":[{"href":"https:\/\/theark.ch\/de\/wp-json\/wp\/v2\/pages"}],"about":[{"href":"https:\/\/theark.ch\/de\/wp-json\/wp\/v2\/types\/page"}],"author":[{"embeddable":true,"href":"https:\/\/theark.ch\/de\/wp-json\/wp\/v2\/users\/1"}],"replies":[{"embeddable":true,"href":"https:\/\/theark.ch\/de\/wp-json\/wp\/v2\/comments?post=3327"}],"version-history":[{"count":39,"href":"https:\/\/theark.ch\/de\/wp-json\/wp\/v2\/pages\/3327\/revisions"}],"predecessor-version":[{"id":49707,"href":"https:\/\/theark.ch\/de\/wp-json\/wp\/v2\/pages\/3327\/revisions\/49707"}],"wp:featuredmedia":[{"embeddable":true,"href":"https:\/\/theark.ch\/de\/wp-json\/wp\/v2\/media\/49698"}],"wp:attachment":[{"href":"https:\/\/theark.ch\/de\/wp-json\/wp\/v2\/media?parent=3327"}],"curies":[{"name":"wp","href":"https:\/\/api.w.org\/{rel}","templated":true}]}}