{"id":40938,"date":"2024-09-30T12:38:39","date_gmt":"2024-09-30T10:38:39","guid":{"rendered":"http:\/\/theark.ch\/transformation-digitale-des-entreprises\/"},"modified":"2025-12-15T07:38:35","modified_gmt":"2025-12-15T06:38:35","slug":"digitale-transformation-von-unternehmen","status":"publish","type":"page","link":"https:\/\/theark.ch\/de\/digitale-transformation-von-unternehmen\/","title":{"rendered":"Digitale Transformation von Unternehmen"},"content":{"rendered":"","protected":false},"excerpt":{"rendered":"<p>M\u00f6chten Sie effizienter arbeiten, Ihre Organisation vereinfachen oder Ihre Daten besser nutzen? Die Digitalisierung kann Ihren Arbeitsalltag sp\u00fcrbar ver\u00e4ndern und Ihnen erm\u00f6glichen, sich auf das zu konzentrieren, was Sie am besten k\u00f6nnen: Ihr Kerngesch\u00e4ft.<br \/>\nDie Fondation The Ark begleitet Walliser KMU in ihren Digitalisierungsprojekten. Unsere Rolle: Wir helfen Ihnen, Ihre Bed\u00fcrfnisse zu kl\u00e4ren, die passenden L\u00f6sungen zu finden und Sie mit IT-Dienstleistern im Kanton zu vernetzen, die Sie unterst\u00fctzen k\u00f6nnen.<\/p>\n","protected":false},"author":2,"featured_media":40871,"parent":0,"menu_order":0,"comment_status":"closed","ping_status":"closed","template":"","meta":{"_acf_changed":false,"footnotes":""},"class_list":["post-40938","page","type-page","status-publish","has-post-thumbnail","hentry"],"acf":[],"_links":{"self":[{"href":"https:\/\/theark.ch\/de\/wp-json\/wp\/v2\/pages\/40938","targetHints":{"allow":["GET"]}}],"collection":[{"href":"https:\/\/theark.ch\/de\/wp-json\/wp\/v2\/pages"}],"about":[{"href":"https:\/\/theark.ch\/de\/wp-json\/wp\/v2\/types\/page"}],"author":[{"embeddable":true,"href":"https:\/\/theark.ch\/de\/wp-json\/wp\/v2\/users\/2"}],"replies":[{"embeddable":true,"href":"https:\/\/theark.ch\/de\/wp-json\/wp\/v2\/comments?post=40938"}],"version-history":[{"count":10,"href":"https:\/\/theark.ch\/de\/wp-json\/wp\/v2\/pages\/40938\/revisions"}],"predecessor-version":[{"id":50845,"href":"https:\/\/theark.ch\/de\/wp-json\/wp\/v2\/pages\/40938\/revisions\/50845"}],"wp:featuredmedia":[{"embeddable":true,"href":"https:\/\/theark.ch\/de\/wp-json\/wp\/v2\/media\/40871"}],"wp:attachment":[{"href":"https:\/\/theark.ch\/de\/wp-json\/wp\/v2\/media?parent=40938"}],"curies":[{"name":"wp","href":"https:\/\/api.w.org\/{rel}","templated":true}]}}