{"id":1208,"date":"2024-08-26T16:35:44","date_gmt":"2024-08-26T14:35:44","guid":{"rendered":"http:\/\/theark.ch\/?page_id=1208"},"modified":"2026-01-28T16:11:42","modified_gmt":"2026-01-28T15:11:42","slug":"les-entreprises-qui-faconnent-linnovation","status":"publish","type":"page","link":"https:\/\/theark.ch\/fr\/les-entreprises-qui-faconnent-linnovation\/","title":{"rendered":"Les entreprises qui fa\u00e7onnent l&rsquo;innovation"},"content":{"rendered":"","protected":false},"excerpt":{"rendered":"<p>le valais sait vous enchanter gr\u00e2ce \u00e0 la beaut\u00e9 de ses paysages, \u00e0 la richesse de ses terroirs et \u00e0 sa qualit\u00e9 de vie. mais c\u2019est \u00e9galement une terre d\u2019entrepreneurs qui, de tout temps, ont su innover et cr\u00e9er de la valeur autour de leurs entreprises.<\/p>\n","protected":false},"author":1,"featured_media":49586,"parent":0,"menu_order":0,"comment_status":"closed","ping_status":"open","template":"","meta":{"_acf_changed":false,"footnotes":""},"class_list":["post-1208","page","type-page","status-publish","has-post-thumbnail","hentry"],"acf":[],"_links":{"self":[{"href":"https:\/\/theark.ch\/fr\/wp-json\/wp\/v2\/pages\/1208","targetHints":{"allow":["GET"]}}],"collection":[{"href":"https:\/\/theark.ch\/fr\/wp-json\/wp\/v2\/pages"}],"about":[{"href":"https:\/\/theark.ch\/fr\/wp-json\/wp\/v2\/types\/page"}],"author":[{"embeddable":true,"href":"https:\/\/theark.ch\/fr\/wp-json\/wp\/v2\/users\/1"}],"replies":[{"embeddable":true,"href":"https:\/\/theark.ch\/fr\/wp-json\/wp\/v2\/comments?post=1208"}],"version-history":[{"count":100,"href":"https:\/\/theark.ch\/fr\/wp-json\/wp\/v2\/pages\/1208\/revisions"}],"predecessor-version":[{"id":49705,"href":"https:\/\/theark.ch\/fr\/wp-json\/wp\/v2\/pages\/1208\/revisions\/49705"}],"wp:featuredmedia":[{"embeddable":true,"href":"https:\/\/theark.ch\/fr\/wp-json\/wp\/v2\/media\/49586"}],"wp:attachment":[{"href":"https:\/\/theark.ch\/fr\/wp-json\/wp\/v2\/media?parent=1208"}],"curies":[{"name":"wp","href":"https:\/\/api.w.org\/{rel}","templated":true}]}}