{"id":1236,"date":"2024-08-26T17:02:01","date_gmt":"2024-08-26T15:02:01","guid":{"rendered":"http:\/\/theark.ch\/?page_id=1236"},"modified":"2025-09-15T10:05:59","modified_gmt":"2025-09-15T08:05:59","slug":"vision","status":"publish","type":"page","link":"https:\/\/theark.ch\/fr\/vision\/","title":{"rendered":"vision"},"content":{"rendered":"","protected":false},"excerpt":{"rendered":"<p>depuis 2004, la fondation the ark est l&rsquo;outil de d\u00e9veloppement \u00e9conomique du canton du Valais, d\u00e9di\u00e9 \u00e0 l&rsquo;innovation et aux nouvelles technologies. Le soutien est cantonal, r\u00e9gional et communal et est orient\u00e9 vers l\u2019ensemble du tissu \u00e9conomique (entreprises en cr\u00e9ation, PME existantes et industries).<\/p>\n","protected":false},"author":1,"featured_media":1240,"parent":0,"menu_order":0,"comment_status":"closed","ping_status":"closed","template":"","meta":{"_acf_changed":false,"footnotes":""},"class_list":["post-1236","page","type-page","status-publish","has-post-thumbnail","hentry"],"acf":[],"_links":{"self":[{"href":"https:\/\/theark.ch\/fr\/wp-json\/wp\/v2\/pages\/1236","targetHints":{"allow":["GET"]}}],"collection":[{"href":"https:\/\/theark.ch\/fr\/wp-json\/wp\/v2\/pages"}],"about":[{"href":"https:\/\/theark.ch\/fr\/wp-json\/wp\/v2\/types\/page"}],"author":[{"embeddable":true,"href":"https:\/\/theark.ch\/fr\/wp-json\/wp\/v2\/users\/1"}],"replies":[{"embeddable":true,"href":"https:\/\/theark.ch\/fr\/wp-json\/wp\/v2\/comments?post=1236"}],"version-history":[{"count":82,"href":"https:\/\/theark.ch\/fr\/wp-json\/wp\/v2\/pages\/1236\/revisions"}],"predecessor-version":[{"id":49946,"href":"https:\/\/theark.ch\/fr\/wp-json\/wp\/v2\/pages\/1236\/revisions\/49946"}],"wp:featuredmedia":[{"embeddable":true,"href":"https:\/\/theark.ch\/fr\/wp-json\/wp\/v2\/media\/1240"}],"wp:attachment":[{"href":"https:\/\/theark.ch\/fr\/wp-json\/wp\/v2\/media?parent=1236"}],"curies":[{"name":"wp","href":"https:\/\/api.w.org\/{rel}","templated":true}]}}