{"id":40858,"date":"2024-09-30T12:38:39","date_gmt":"2024-09-30T10:38:39","guid":{"rendered":"http:\/\/theark.ch\/?page_id=40858"},"modified":"2025-12-15T07:34:48","modified_gmt":"2025-12-15T06:34:48","slug":"transformation-digitale-des-entreprises","status":"publish","type":"page","link":"https:\/\/theark.ch\/fr\/transformation-digitale-des-entreprises\/","title":{"rendered":"Transformation digitale des entreprises"},"content":{"rendered":"","protected":false},"excerpt":{"rendered":"<p>Vous souhaitez gagner en efficacit\u00e9, simplifier votre organisation ou mieux exploiter vos donn\u00e9es ? La digitalisation peut r\u00e9ellement changer votre quotidien et vous permettre de vous concentrer sur ce que vous faites le mieux : votre m\u00e9tier.<br \/>\nLa Fondation The Ark accompagne les PME valaisannes dans leurs projets de digitalisation. Notre r\u00f4le : vous aider \u00e0 clarifier vos besoins, trouver les bonnes solutions et vous connecter aux prestataires IT du canton capables de vous accompagner.<\/p>\n","protected":false},"author":2,"featured_media":40869,"parent":0,"menu_order":0,"comment_status":"closed","ping_status":"closed","template":"","meta":{"_acf_changed":false,"footnotes":""},"class_list":["post-40858","page","type-page","status-publish","has-post-thumbnail","hentry"],"acf":[],"_links":{"self":[{"href":"https:\/\/theark.ch\/fr\/wp-json\/wp\/v2\/pages\/40858","targetHints":{"allow":["GET"]}}],"collection":[{"href":"https:\/\/theark.ch\/fr\/wp-json\/wp\/v2\/pages"}],"about":[{"href":"https:\/\/theark.ch\/fr\/wp-json\/wp\/v2\/types\/page"}],"author":[{"embeddable":true,"href":"https:\/\/theark.ch\/fr\/wp-json\/wp\/v2\/users\/2"}],"replies":[{"embeddable":true,"href":"https:\/\/theark.ch\/fr\/wp-json\/wp\/v2\/comments?post=40858"}],"version-history":[{"count":13,"href":"https:\/\/theark.ch\/fr\/wp-json\/wp\/v2\/pages\/40858\/revisions"}],"predecessor-version":[{"id":50843,"href":"https:\/\/theark.ch\/fr\/wp-json\/wp\/v2\/pages\/40858\/revisions\/50843"}],"wp:featuredmedia":[{"embeddable":true,"href":"https:\/\/theark.ch\/fr\/wp-json\/wp\/v2\/media\/40869"}],"wp:attachment":[{"href":"https:\/\/theark.ch\/fr\/wp-json\/wp\/v2\/media?parent=40858"}],"curies":[{"name":"wp","href":"https:\/\/api.w.org\/{rel}","templated":true}]}}