{"id":40875,"date":"2024-09-30T12:37:16","date_gmt":"2024-09-30T10:37:16","guid":{"rendered":"http:\/\/theark.ch\/?page_id=40875"},"modified":"2025-05-19T16:51:35","modified_gmt":"2025-05-19T14:51:35","slug":"lintelligence-artificielle-au-service-des-pme-valaisannes","status":"publish","type":"page","link":"https:\/\/theark.ch\/fr\/lintelligence-artificielle-au-service-des-pme-valaisannes\/","title":{"rendered":"L&rsquo;intelligence artificielle au service des PME valaisannes"},"content":{"rendered":"","protected":false},"excerpt":{"rendered":"<p>la fondation the ark et le swiss digital center lancent un appel \u00e0 projets pour d\u00e9velopper l\u2019usage de l&rsquo;intelligence artificielle dans les pme. l&rsquo;objectif est d&rsquo;encourager les petites et moyennes entreprises valaisannes \u00e0 d\u00e9velopper des initiatives concr\u00e8tes en exploitant les avanc\u00e9es de l&rsquo;ia, tout en sensibilisant les acteurs \u00e9conomiques par le biais de workshop d\u00e9di\u00e9s.<\/p>\n","protected":false},"author":2,"featured_media":40877,"parent":0,"menu_order":0,"comment_status":"closed","ping_status":"closed","template":"","meta":{"_acf_changed":false,"footnotes":""},"class_list":["post-40875","page","type-page","status-publish","has-post-thumbnail","hentry"],"acf":[],"_links":{"self":[{"href":"https:\/\/theark.ch\/fr\/wp-json\/wp\/v2\/pages\/40875","targetHints":{"allow":["GET"]}}],"collection":[{"href":"https:\/\/theark.ch\/fr\/wp-json\/wp\/v2\/pages"}],"about":[{"href":"https:\/\/theark.ch\/fr\/wp-json\/wp\/v2\/types\/page"}],"author":[{"embeddable":true,"href":"https:\/\/theark.ch\/fr\/wp-json\/wp\/v2\/users\/2"}],"replies":[{"embeddable":true,"href":"https:\/\/theark.ch\/fr\/wp-json\/wp\/v2\/comments?post=40875"}],"version-history":[{"count":2,"href":"https:\/\/theark.ch\/fr\/wp-json\/wp\/v2\/pages\/40875\/revisions"}],"predecessor-version":[{"id":40881,"href":"https:\/\/theark.ch\/fr\/wp-json\/wp\/v2\/pages\/40875\/revisions\/40881"}],"wp:featuredmedia":[{"embeddable":true,"href":"https:\/\/theark.ch\/fr\/wp-json\/wp\/v2\/media\/40877"}],"wp:attachment":[{"href":"https:\/\/theark.ch\/fr\/wp-json\/wp\/v2\/media?parent=40875"}],"curies":[{"name":"wp","href":"https:\/\/api.w.org\/{rel}","templated":true}]}}