{"id":48151,"date":"2025-06-12T15:13:59","date_gmt":"2025-06-12T13:13:59","guid":{"rendered":"https:\/\/theark.ch\/?page_id=48151"},"modified":"2026-03-30T14:39:16","modified_gmt":"2026-03-30T12:39:16","slug":"innovibes","status":"publish","type":"page","link":"https:\/\/theark.ch\/fr\/innovibes\/","title":{"rendered":"ateliers innovibes"},"content":{"rendered":"","protected":false},"excerpt":{"rendered":"<p>une demi-journ\u00e9e pour faire \u00e9merger des id\u00e9es, croiser les exp\u00e9riences et initier des projets concrets.<\/p>\n","protected":false},"author":2,"featured_media":48235,"parent":0,"menu_order":0,"comment_status":"closed","ping_status":"closed","template":"","meta":{"_acf_changed":false,"footnotes":""},"class_list":["post-48151","page","type-page","status-publish","has-post-thumbnail","hentry"],"acf":[],"_links":{"self":[{"href":"https:\/\/theark.ch\/fr\/wp-json\/wp\/v2\/pages\/48151","targetHints":{"allow":["GET"]}}],"collection":[{"href":"https:\/\/theark.ch\/fr\/wp-json\/wp\/v2\/pages"}],"about":[{"href":"https:\/\/theark.ch\/fr\/wp-json\/wp\/v2\/types\/page"}],"author":[{"embeddable":true,"href":"https:\/\/theark.ch\/fr\/wp-json\/wp\/v2\/users\/2"}],"replies":[{"embeddable":true,"href":"https:\/\/theark.ch\/fr\/wp-json\/wp\/v2\/comments?post=48151"}],"version-history":[{"count":48,"href":"https:\/\/theark.ch\/fr\/wp-json\/wp\/v2\/pages\/48151\/revisions"}],"predecessor-version":[{"id":51695,"href":"https:\/\/theark.ch\/fr\/wp-json\/wp\/v2\/pages\/48151\/revisions\/51695"}],"wp:featuredmedia":[{"embeddable":true,"href":"https:\/\/theark.ch\/fr\/wp-json\/wp\/v2\/media\/48235"}],"wp:attachment":[{"href":"https:\/\/theark.ch\/fr\/wp-json\/wp\/v2\/media?parent=48151"}],"curies":[{"name":"wp","href":"https:\/\/api.w.org\/{rel}","templated":true}]}}