{"id":624,"date":"2024-08-21T10:28:43","date_gmt":"2024-08-21T08:28:43","guid":{"rendered":"http:\/\/theark.ch\/?page_id=624"},"modified":"2026-01-05T14:31:43","modified_gmt":"2026-01-05T13:31:43","slug":"developper-leconomie-valaisanne","status":"publish","type":"page","link":"https:\/\/theark.ch\/fr\/developper-leconomie-valaisanne\/","title":{"rendered":"d\u00e9velopper l&rsquo;\u00e9conomie valaisanne"},"content":{"rendered":"","protected":false},"excerpt":{"rendered":"<p>La Fondation The Ark accompagne les entrepreneurs au quotidien. Elle contribue \u00e9galement \u00e0 pr\u00e9parer l\u2019\u00e9conomie valaisanne aux grandes tendances de demain, et \u00e0 rendre ainsi le tissu \u00e9conomique plus r\u00e9silient et plus diversifi\u00e9. Comment ? Gr\u00e2ce aux programmes sp\u00e9cifiques soutenus par la Nouvelle politique r\u00e9gionale (NPR) et le Canton du Valais.<\/p>\n","protected":false},"author":1,"featured_media":625,"parent":0,"menu_order":0,"comment_status":"closed","ping_status":"closed","template":"","meta":{"_acf_changed":false,"footnotes":""},"class_list":["post-624","page","type-page","status-publish","has-post-thumbnail","hentry"],"acf":[],"_links":{"self":[{"href":"https:\/\/theark.ch\/fr\/wp-json\/wp\/v2\/pages\/624","targetHints":{"allow":["GET"]}}],"collection":[{"href":"https:\/\/theark.ch\/fr\/wp-json\/wp\/v2\/pages"}],"about":[{"href":"https:\/\/theark.ch\/fr\/wp-json\/wp\/v2\/types\/page"}],"author":[{"embeddable":true,"href":"https:\/\/theark.ch\/fr\/wp-json\/wp\/v2\/users\/1"}],"replies":[{"embeddable":true,"href":"https:\/\/theark.ch\/fr\/wp-json\/wp\/v2\/comments?post=624"}],"version-history":[{"count":22,"href":"https:\/\/theark.ch\/fr\/wp-json\/wp\/v2\/pages\/624\/revisions"}],"predecessor-version":[{"id":47133,"href":"https:\/\/theark.ch\/fr\/wp-json\/wp\/v2\/pages\/624\/revisions\/47133"}],"wp:featuredmedia":[{"embeddable":true,"href":"https:\/\/theark.ch\/fr\/wp-json\/wp\/v2\/media\/625"}],"wp:attachment":[{"href":"https:\/\/theark.ch\/fr\/wp-json\/wp\/v2\/media?parent=624"}],"curies":[{"name":"wp","href":"https:\/\/api.w.org\/{rel}","templated":true}]}}