{"id":777,"date":"2024-08-21T15:52:55","date_gmt":"2024-08-21T13:52:55","guid":{"rendered":"http:\/\/theark.ch\/?page_id=777"},"modified":"2026-01-05T14:27:30","modified_gmt":"2026-01-05T13:27:30","slug":"valoriser-mon-projet-de-recherche","status":"publish","type":"page","link":"https:\/\/theark.ch\/fr\/valoriser-mon-projet-de-recherche\/","title":{"rendered":"valoriser mon projet de recherche"},"content":{"rendered":"","protected":false},"excerpt":{"rendered":"<p>Chercheurs passionn\u00e9s, votre qu\u00eate de d\u00e9couverte peut d\u00e9sormais prendre un nouvel \u00e9lan. The Ark est votre partenaire pour transformer vos r\u00e9sultats de recherche en produits ou services pr\u00eats \u00e0 conqu\u00e9rir le march\u00e9.<\/p>\n","protected":false},"author":1,"featured_media":778,"parent":0,"menu_order":0,"comment_status":"closed","ping_status":"closed","template":"","meta":{"_acf_changed":false,"footnotes":""},"class_list":["post-777","page","type-page","status-publish","has-post-thumbnail","hentry"],"acf":[],"_links":{"self":[{"href":"https:\/\/theark.ch\/fr\/wp-json\/wp\/v2\/pages\/777","targetHints":{"allow":["GET"]}}],"collection":[{"href":"https:\/\/theark.ch\/fr\/wp-json\/wp\/v2\/pages"}],"about":[{"href":"https:\/\/theark.ch\/fr\/wp-json\/wp\/v2\/types\/page"}],"author":[{"embeddable":true,"href":"https:\/\/theark.ch\/fr\/wp-json\/wp\/v2\/users\/1"}],"replies":[{"embeddable":true,"href":"https:\/\/theark.ch\/fr\/wp-json\/wp\/v2\/comments?post=777"}],"version-history":[{"count":10,"href":"https:\/\/theark.ch\/fr\/wp-json\/wp\/v2\/pages\/777\/revisions"}],"predecessor-version":[{"id":40584,"href":"https:\/\/theark.ch\/fr\/wp-json\/wp\/v2\/pages\/777\/revisions\/40584"}],"wp:featuredmedia":[{"embeddable":true,"href":"https:\/\/theark.ch\/fr\/wp-json\/wp\/v2\/media\/778"}],"wp:attachment":[{"href":"https:\/\/theark.ch\/fr\/wp-json\/wp\/v2\/media?parent=777"}],"curies":[{"name":"wp","href":"https:\/\/api.w.org\/{rel}","templated":true}]}}