{"id":843,"date":"2024-08-22T13:19:16","date_gmt":"2024-08-22T11:19:16","guid":{"rendered":"http:\/\/theark.ch\/?page_id=843"},"modified":"2026-02-10T15:00:59","modified_gmt":"2026-02-10T14:00:59","slug":"creer-ma-start-up","status":"publish","type":"page","link":"https:\/\/theark.ch\/fr\/creer-ma-start-up\/","title":{"rendered":"Cr\u00e9er ma start-up"},"content":{"rendered":"","protected":false},"excerpt":{"rendered":"<p>Notre incubateur de start-up, actif depuis 2004, a d\u00e9j\u00e0 accompagn\u00e9 pr\u00e8s de 250 projets d\u2019entreprises. une large partie d&rsquo;entre elles ont connu un succ\u00e8s commercial.<\/p>\n","protected":false},"author":1,"featured_media":844,"parent":0,"menu_order":0,"comment_status":"closed","ping_status":"closed","template":"","meta":{"_acf_changed":false,"footnotes":""},"class_list":["post-843","page","type-page","status-publish","has-post-thumbnail","hentry"],"acf":[],"_links":{"self":[{"href":"https:\/\/theark.ch\/fr\/wp-json\/wp\/v2\/pages\/843","targetHints":{"allow":["GET"]}}],"collection":[{"href":"https:\/\/theark.ch\/fr\/wp-json\/wp\/v2\/pages"}],"about":[{"href":"https:\/\/theark.ch\/fr\/wp-json\/wp\/v2\/types\/page"}],"author":[{"embeddable":true,"href":"https:\/\/theark.ch\/fr\/wp-json\/wp\/v2\/users\/1"}],"replies":[{"embeddable":true,"href":"https:\/\/theark.ch\/fr\/wp-json\/wp\/v2\/comments?post=843"}],"version-history":[{"count":89,"href":"https:\/\/theark.ch\/fr\/wp-json\/wp\/v2\/pages\/843\/revisions"}],"predecessor-version":[{"id":51293,"href":"https:\/\/theark.ch\/fr\/wp-json\/wp\/v2\/pages\/843\/revisions\/51293"}],"wp:featuredmedia":[{"embeddable":true,"href":"https:\/\/theark.ch\/fr\/wp-json\/wp\/v2\/media\/844"}],"wp:attachment":[{"href":"https:\/\/theark.ch\/fr\/wp-json\/wp\/v2\/media?parent=843"}],"curies":[{"name":"wp","href":"https:\/\/api.w.org\/{rel}","templated":true}]}}