{"id":990,"date":"2024-08-23T13:59:21","date_gmt":"2024-08-23T11:59:21","guid":{"rendered":"http:\/\/theark.ch\/?page_id=990"},"modified":"2026-03-13T11:00:34","modified_gmt":"2026-03-13T10:00:34","slug":"page-daccueil","status":"publish","type":"page","link":"https:\/\/theark.ch\/fr\/","title":{"rendered":"innovez et prosp\u00e9rez avec votre entreprise en valais"},"content":{"rendered":"","protected":false},"excerpt":{"rendered":"<p>chez the ark, nous croyons en votre potentiel, et en votre capacit\u00e9 \u00e0 innover ! nous sommes l\u00e0 pour accompagner votre pme, votre start-up ou votre projet de recherche dans cette aventure et vous aider \u00e0 concr\u00e9tiser vos id\u00e9es les plus audacieuses.<\/p>\n","protected":false},"author":1,"featured_media":991,"parent":0,"menu_order":0,"comment_status":"closed","ping_status":"closed","template":"","meta":{"_acf_changed":false,"footnotes":""},"class_list":["post-990","page","type-page","status-publish","has-post-thumbnail","hentry"],"acf":[],"_links":{"self":[{"href":"https:\/\/theark.ch\/fr\/wp-json\/wp\/v2\/pages\/990","targetHints":{"allow":["GET"]}}],"collection":[{"href":"https:\/\/theark.ch\/fr\/wp-json\/wp\/v2\/pages"}],"about":[{"href":"https:\/\/theark.ch\/fr\/wp-json\/wp\/v2\/types\/page"}],"author":[{"embeddable":true,"href":"https:\/\/theark.ch\/fr\/wp-json\/wp\/v2\/users\/1"}],"replies":[{"embeddable":true,"href":"https:\/\/theark.ch\/fr\/wp-json\/wp\/v2\/comments?post=990"}],"version-history":[{"count":100,"href":"https:\/\/theark.ch\/fr\/wp-json\/wp\/v2\/pages\/990\/revisions"}],"predecessor-version":[{"id":51502,"href":"https:\/\/theark.ch\/fr\/wp-json\/wp\/v2\/pages\/990\/revisions\/51502"}],"wp:featuredmedia":[{"embeddable":true,"href":"https:\/\/theark.ch\/fr\/wp-json\/wp\/v2\/media\/991"}],"wp:attachment":[{"href":"https:\/\/theark.ch\/fr\/wp-json\/wp\/v2\/media?parent=990"}],"curies":[{"name":"wp","href":"https:\/\/api.w.org\/{rel}","templated":true}]}}